{"id":31,"date":"2018-09-05T09:37:16","date_gmt":"2018-09-05T09:37:16","guid":{"rendered":"http:\/\/andreas-neyer.de\/?page_id=31"},"modified":"2025-02-07T14:58:43","modified_gmt":"2025-02-07T14:58:43","slug":"ueber-mich-und-diese-seite","status":"publish","type":"page","link":"https:\/\/andreas-neyer.de\/?page_id=31","title":{"rendered":"\u00dcber mich und diese Seite"},"content":{"rendered":"<p><img loading=\"lazy\" decoding=\"async\" class=\"alignnone size-medium wp-image-35\" src=\"https:\/\/andreas-neyer.de\/wp-content\/uploads\/2018\/09\/Neyer_2017_50-e1504249768803-300x246.jpg\" alt=\"\" width=\"300\" height=\"246\" srcset=\"https:\/\/andreas-neyer.de\/wp-content\/uploads\/2018\/09\/Neyer_2017_50-e1504249768803-300x246.jpg 300w, https:\/\/andreas-neyer.de\/wp-content\/uploads\/2018\/09\/Neyer_2017_50-e1504249768803-768x630.jpg 768w, https:\/\/andreas-neyer.de\/wp-content\/uploads\/2018\/09\/Neyer_2017_50-e1504249768803-1024x840.jpg 1024w\" sizes=\"auto, (max-width: 300px) 100vw, 300px\" \/><\/p>\n<p>Zun\u00e4chst einmal ein herzliches Willkommen allen, die sich f\u00fcr mich und diese Website interessieren.<\/p>\n<p>Nach dreij\u00e4hriger Verl\u00e4ngerung meiner Dienstzeit befinde ich mich nun seit dem 01. September 2018 im (Un)Ruhestand &#8211; Unruhestand deshalb,\u00a0 weil mich der Neuaufbau dieser gehackten Homepage mehr nervt, als ich je gedacht h\u00e4tte.<\/p>\n<p>Immerhin kann ich zufrieden zur\u00fcckblicken\u00a0 auf ein interessantes und erf\u00fclltes Berufsleben,\u00a0 das nun nach 40 Jahren zu Ende gegangen ist.\u00a0 Es begann nach dem Physikstudium (1978) mit der Promotion an der FernUniversit\u00e4t in Hagen im Fachbereich Elektrotechnik (1982) und setzte sich dann mit der Habilitation (1990) und Professur f\u00fcr Mikrostrukturtechnik (ab 1994) an der Universit\u00e4t \u2013 jetzt TU \u2013 Dortmund in der Fakult\u00e4t f\u00fcr Elektrotechnik und Informationstechnik fort.<\/p>\n<p>Neben der Begeisterung f\u00fcr Technik schl\u00e4gt jedoch ein zweites Herz in meiner Brust, welches sich seit meiner Jugend grunds\u00e4tzlichen philosophisch-theologischen Fragen zuwendet. Eine erste Orientierung in diesen Fragen haben mir dabei die f\u00fcnf Semester Philosophie und Theologie an der Universidade Cat\u00f3lica in Salvador da Bahia (Brasilien) gebracht, die ich direkt nach dem Abitur (1968) als Mitglied des Franziskanerordens absolvierte. Mit dem Ende meiner beruflichen T\u00e4tigkeit nehme ich nun diesen Faden der fr\u00fchen Jahre wieder auf und verkn\u00fcpfe ihn mit einem neuen Faden, der durch das Studium der Physik und Anregungen des Mystikers Willigis J\u00e4ger hinzugekommen ist, mit der Quantenphysik. Es zeigt sich n\u00e4mlich, dass die Quantenphysik nicht nur zur Berechnung mikrophysikalischer Eigenschaften von Materie geeignet ist, sondern auch ein revolution\u00e4res Konzept \u00fcber die Struktur der Wirklichkeit beinhaltet. Geht die klassische Physik von objektiven, unver\u00e4nderlichen materiellen Grundbausteinen f\u00fcr den Aufbau von Allem aus, so stellen sich aus der Sicht der Quantenphysik die Grundelemente der Wirklichkeit \u2013 die Quanten &#8211; als Prozesse dar, die ununterbrochen zwischen faktischen, materiellen Erscheinungen in der realen, lokalen Welt und potenziellen, nicht-materiellen M\u00f6glichkeitsformen auf einer nicht-lokalen Ebene wechseln. Diese Grundstruktur aller \u201eBausteine\u201c unseres Kosmos macht die Quantenphysik so attraktiv als Modell f\u00fcr eine ganz allgemeine \u201eMaterie-Geist\u201c Interaktion, die auf der Ebene des Menschen als \u201eLeib-Seele\u201c Problem bekannt ist.<\/p>\n<p>Nat\u00fcrlich ist ein aus den Naturwissenschaften abgeleitetes Modell der Wirklichkeit, in dem es neben einer materiellen auch eine nicht-materielle, \u201egeistige\u201c Komponente gibt, extrem interessant f\u00fcr eine neuartige und umfassende theologische Sicht des Ganzen. Aus meiner Sicht enth\u00fcllt die Struktur der Quanten als prozessartiges Wechselspiel zwischen klar definierter M\u00f6glichkeitswelt (Potenzialit\u00e4t) und der sich daraus ergebenden, im Einzelfall spontanen und rein zuf\u00e4lligen, im statistischen Mittel jedoch sehr genau strukturierten Realit\u00e4t (Faktizit\u00e4t) auf rudiment\u00e4re Weise die Gesamtstruktur unseres Universums und damit letztlich auch die Struktur des Ganzen und damit auch Gottes \u2013 als Interaktion zwischen Immanenz (Gottes Anwesenheit im Hier und Jetzt) und Transzendenz (Eigenschaft Gottes, die \u00fcber die sichtbare Welt hinausgeht) .<\/p>\n<p>Das sich aus dieser Sicht ergebende Gottesbild wird als <em>\u201epanentheistisch\u201c<\/em> bezeichnet, was \u00fcbersetzt bedeutet: \u201eGott ist in Allem\u201c bzw. \u201eAlles ist in Gott\u201c. Dieses Bild ist nicht ganz neu. Es wurde sowohl von Paulus <em>(\u201eIn ihm leben wir, bewegen wir uns und sind wir.\u201c (Apg 17, 28))<\/em> als auch von einigen Kirchenv\u00e4tern und von fast allen Mystikern bevorzugt. Trotz allem gibt es leider nur wenige Theologen, die dieses wunderbare und umfassende panentheistische Gottesbild aufgegriffen und theologisch reflektiert haben. Einer der wenigen auf katholischer Seite ist Prof. Dr. Klaus M\u00fcller, Professor f\u00fcr philosophische Grundfragen der Theologie der Fakult\u00e4t f\u00fcr Katholische Theologie der Universit\u00e4t M\u00fcnster.<\/p>\n<p>Es ist ein Ziel dieser Homepage, das umfassende, befreiende und froh machende Bild eines \u201eGott-in-Allem\u201c zu verbreiten. Man muss dazu nicht unbedingt Quantenphysik verstehen, aber die Einsichten, die aus der Grundstruktur der Quanten f\u00fcr die Wahrnehmung der uns umgebenden Wirklichkeit gewonnen werden k\u00f6nnen, waren zumindest f\u00fcr mich so begl\u00fcckend, dass ich sie m\u00f6glichst nicht nur pauschal, sondern auch im Detail an alle die weitergeben m\u00f6chte,\u00a0 die sich daf\u00fcr interessieren und Gewinn daraus ziehen m\u00f6chten.<\/p>\n<p>Wer mehr \u00fcber mich und mein Leben erfahren m\u00f6chte, den lade ich gerne ein, sich ein <a href=\"https:\/\/my.hidrive.com\/lnk\/1UBZEUEo\">Interview <\/a>(65 Minuten) anzuh\u00f6ren, welches ich im Jahr 2017 dem Domradio in der Serie &#8220;Menschen&#8221; gegeben habe.<\/p>\n<p>Da es sich bei dem Interview um eine sch\u00f6ne Kurzbiographie handelt, habe ich das Interview jetzt (Febr. 2025) transskribiert. Es ist unter <a href=\"https:\/\/andreas-neyer.de\/wp-content\/uploads\/2025\/02\/Interview-Domradio-Transskript-.pdf\">Transskript des Domradio-Interviews <\/a>nachzulesen.<\/p>\n\n\n<p><\/p>\n","protected":false},"excerpt":{"rendered":"<p>Zun\u00e4chst einmal ein herzliches Willkommen allen, die sich f\u00fcr mich und diese Website interessieren. Nach dreij\u00e4hriger Verl\u00e4ngerung meiner Dienstzeit befinde ich mich nun seit dem 01. September 2018 im (Un)Ruhestand &#8211; Unruhestand deshalb,\u00a0 weil mich der Neuaufbau dieser gehackten Homepage mehr nervt, als ich je gedacht h\u00e4tte. Immerhin kann ich zufrieden zur\u00fcckblicken\u00a0 auf ein interessantes &hellip; <a href=\"https:\/\/andreas-neyer.de\/?page_id=31\" class=\"more-link\"><span class=\"screen-reader-text\">\u00dcber mich und diese Seite<\/span> weiterlesen <span class=\"meta-nav\">&rarr;<\/span><\/a><\/p>\n","protected":false},"author":1,"featured_media":0,"parent":0,"menu_order":0,"comment_status":"closed","ping_status":"closed","template":"","meta":{"jetpack_post_was_ever_published":false,"footnotes":""},"class_list":["post-31","page","type-page","status-publish","hentry"],"jetpack_sharing_enabled":true,"jetpack_shortlink":"https:\/\/wp.me\/P76pJQ-v","_links":{"self":[{"href":"https:\/\/andreas-neyer.de\/index.php?rest_route=\/wp\/v2\/pages\/31","targetHints":{"allow":["GET"]}}],"collection":[{"href":"https:\/\/andreas-neyer.de\/index.php?rest_route=\/wp\/v2\/pages"}],"about":[{"href":"https:\/\/andreas-neyer.de\/index.php?rest_route=\/wp\/v2\/types\/page"}],"author":[{"embeddable":true,"href":"https:\/\/andreas-neyer.de\/index.php?rest_route=\/wp\/v2\/users\/1"}],"replies":[{"embeddable":true,"href":"https:\/\/andreas-neyer.de\/index.php?rest_route=%2Fwp%2Fv2%2Fcomments&post=31"}],"version-history":[{"count":20,"href":"https:\/\/andreas-neyer.de\/index.php?rest_route=\/wp\/v2\/pages\/31\/revisions"}],"predecessor-version":[{"id":1104,"href":"https:\/\/andreas-neyer.de\/index.php?rest_route=\/wp\/v2\/pages\/31\/revisions\/1104"}],"wp:attachment":[{"href":"https:\/\/andreas-neyer.de\/index.php?rest_route=%2Fwp%2Fv2%2Fmedia&parent=31"}],"curies":[{"name":"wp","href":"https:\/\/api.w.org\/{rel}","templated":true}]}}